{"id":13,"date":"2014-06-25T13:47:53","date_gmt":"2014-06-25T11:47:53","guid":{"rendered":"http:\/\/dev.hansgroening.de\/?page_id=13"},"modified":"2025-09-09T17:02:27","modified_gmt":"2025-09-09T15:02:27","slug":"discover-hans-groning-a-baritone-with-an-impressive-career-and-diverse-repertoire","status":"publish","type":"page","link":"https:\/\/hansgroening.de\/en\/discover-hans-groning-a-baritone-with-an-impressive-career-and-diverse-repertoire\/","title":{"rendered":"Biography"},"content":{"rendered":"<h1>biography<\/h1>\n<div class=\"one_half column\">\n<p>The German baritone Hans Gr\u00f6ning received his vocal training from Kamms\u00e4ngerin Gisela Schr\u00f6ter and works regularly with Gregory Lamar. He gave his debut as winner of the Rheinsberg Palace Chamber Opera International Singing Competition. His first regular engagement brought him to the Theatre of Eisenach. Since 2004, he has worked extensively as freelance singer in Germany and abroad.<\/p>\n<p>He sang the title role of Wolfgang Rihm\u2019s <em>Jakob Lenz<\/em>, a production of Muziektheater Transparant from Antwerp, at the Copenhague Opera, in Brussels, Rotterdam, Luxemburg and at the Bastille Opera in Paris.<\/p>\n<p>He has sung many roles at the Komische Oper Berlin, including Fafarello in <em>The Love for three Oranges<\/em> (Director: Andreas Homoki), the title role in the commissioned work, <em>The Rider with the Wind in his Hair<\/em>, by Frank Schwemmer, Albany in Aribert Reimann\u2019s <em>Lear<\/em> (Director: Hans Neuenfels) and the Gypsy in Mussorgsky\u2019s <em>The Fair at Sorochyntsi<\/em> (Director: Barrie Kosky).<\/p>\n<p>Prominant roles in his standard repertoire include Alban Berg\u2019s <em>Wozzeck<\/em>, Paul Hindemith\u2019s <em>Cardillac<\/em>, Wolfram (<em>Tannh\u00e4user<\/em>), Telramund (<em>Lohengrin<\/em>) and Albrich (<i>Das Rheingold<\/i>).<\/p>\n<p>Gr\u00f6ning has worked with distinguished conductors such as Kurt Masur, Michail Jurowski, Alejo Perez, Markus Poschner, Matthias Foremny, Markus Huber, Friedemann Layer, Anthony Bramall and Guido Johannes Rumstadt. His many concert appearances have included the Gewandhaus Leipzig, the Wroclaw Philharmonic Concert Hall, the Cologne Philharmonic Hall, the Vienna Concert Hall and the Brucknerhaus in Linz.<\/p>\n<p>At the Staatstheater N\u00fcrnberg he sang the title role of Wolfgang Rihm&#8217;s <i>Jakob Lenz\u00a0<\/i>(Director: Tilman Knabe), Telemann&#8217;s <i>Pimpinone<\/i> and the Pirate King in Sullivan&#8217;s <i>The Pirates of Penzance\u00a0<\/i>(Director: Christian Brey).<\/p>\n<p>After his successful debut at G\u00e4rtnerplatz in Munich as Ollendorf (<em>Der Bettelstudent<\/em>) he has been engaged to sing Prince Ypsheim (<em>Wiener Blut<\/em>) and for the reopening of the house in 2017 the part of Zeta in <em>The Merry Widow.\u00a0<\/em>He also sang the part of Popoff in the operetta <em>The Chocolate Soldier<\/em> by Oscar Straus (Director: Peter Konwitschny). He sang <span class=\"s1\">Bartolo in Rossini&#8217;s <i>Il Barbiere di Siviglia<\/i> (Director: Josef E. K\u00f6pplinger) in Munich as well as at the Nationaltheater Mannheim.<\/span><\/p>\n<p>In 2023, he returned to the Staatstheater N\u00fcrnberg as General Bumm in <i>Die Gro\u00dfherzogin von<\/i><br \/>\n<i>Gerolstein<\/i> (director: Andreas Kriegenburg) and made his role debut at Theater Osnabr\u00fcck in the<br \/>\ntitle role in Jaromir Weinberger&#8217;s <i>Wallenstein<\/i>. Three further premieres followed here in 2024\/25:<br \/>\nMustapha Bey in <i>Ball im Savoy<\/i>, Pastor Stig Berggren in <i>Wie im Himmel<\/i> and Dr. Vigelius\/ Count in <i>Der ferne Klang<\/i>.<br \/>\nAt the Komische Oper, he sang the role of Muff Potter in the revival of <i>Tom Sawyer<\/i>. The<br \/>\nproductions <i>In Frisco ist der Teufel los<\/i>, <i>Die Nase<\/i> and <i>Nils Holgersson<\/i> are planned for the 2025\/26 season. Hans Gr\u00f6ning will make his house debut at the Landestheater Linz as Prince Ypsheim in <i>Wiener Blut<\/i> (director: Thomas Enzinger).<\/p>\n<p>(as of September 2025)<\/p>\n<p>&nbsp;<\/p>\n<hr \/>\n<p><a href=\"\/vita\/\">\u00bb deutsche Version<\/a><\/p>\n<\/div>\n<div class=\"one_half column last\">\n<p><img loading=\"lazy\" decoding=\"async\" class=\"alignnone wp-image-398 size-large\" src=\"https:\/\/hansgroening.de\/en\/wp-content\/uploads\/sites\/2\/2024\/01\/Hans-Groening-\u00a9-Christian-Palm-29-768x1024.jpg\" alt=\"\" width=\"768\" height=\"1024\" srcset=\"https:\/\/hansgroening.de\/en\/wp-content\/uploads\/sites\/2\/2024\/01\/Hans-Groening-\u00a9-Christian-Palm-29-768x1025.jpg 768w, https:\/\/hansgroening.de\/en\/wp-content\/uploads\/sites\/2\/2024\/01\/Hans-Groening-\u00a9-Christian-Palm-29-225x300.jpg 225w, https:\/\/hansgroening.de\/en\/wp-content\/uploads\/sites\/2\/2024\/01\/Hans-Groening-\u00a9-Christian-Palm-29.jpg 1000w\" sizes=\"auto, (max-width: 768px) 100vw, 768px\" \/><br \/>\n\u00a9 Christian Palm<\/p>\n<p><a href=\"\/en\/photos\/\">\u00bb more photos<\/a><br \/>\n<a href=\"\/en\/press\/\">\u00bb press material<\/a>\n<\/div>\n<div class=\"clearboth\"><\/div>\n","protected":false},"excerpt":{"rendered":"<p>biography<\/p>\n","protected":false},"author":1,"featured_media":395,"parent":0,"menu_order":0,"comment_status":"closed","ping_status":"closed","template":"page-full-width.php","meta":{"footnotes":""},"class_list":["post-13","page","type-page","status-publish","has-post-thumbnail","hentry"],"yoast_head":"<!-- This site is optimized with the Yoast SEO plugin v26.3 - https:\/\/yoast.com\/wordpress\/plugins\/seo\/ -->\n<title>Biography - Hans Gr\u00f6ning - baritone<\/title>\n<meta name=\"description\" content=\"The German baritone Hans Gr\u00f6ning received his vocal training from Kamms\u00e4ngerin Gisela Schr\u00f6ter and works regularly with Gregory Lamar. He gave his debut as winner of the Rheinsberg Palace Chamber Opera International Singing Competition. Since 2004, he has worked extensively as freelance singer in Germany and abroad.\" \/>\n<meta name=\"robots\" content=\"index, follow, max-snippet:-1, max-image-preview:large, max-video-preview:-1\" \/>\n<link rel=\"canonical\" href=\"https:\/\/hansgroening.de\/en\/discover-hans-groning-a-baritone-with-an-impressive-career-and-diverse-repertoire\/\" \/>\n<meta property=\"og:locale\" content=\"en_US\" \/>\n<meta property=\"og:type\" content=\"article\" \/>\n<meta property=\"og:title\" content=\"Biography - Hans Gr\u00f6ning - baritone\" \/>\n<meta property=\"og:description\" content=\"The German baritone Hans Gr\u00f6ning received his vocal training from Kamms\u00e4ngerin Gisela Schr\u00f6ter and works regularly with Gregory Lamar. He gave his debut as winner of the Rheinsberg Palace Chamber Opera International Singing Competition. Since 2004, he has worked extensively as freelance singer in Germany and abroad.\" \/>\n<meta property=\"og:url\" content=\"https:\/\/hansgroening.de\/en\/discover-hans-groning-a-baritone-with-an-impressive-career-and-diverse-repertoire\/\" \/>\n<meta property=\"og:site_name\" content=\"Hans Gr\u00f6ning - baritone\" \/>\n<meta property=\"article:modified_time\" content=\"2025-09-09T15:02:27+00:00\" \/>\n<meta property=\"og:image\" content=\"https:\/\/hansgroening.de\/en\/wp-content\/uploads\/sites\/2\/2024\/01\/fotoleiste_3.jpg\" \/>\n\t<meta property=\"og:image:width\" content=\"1920\" \/>\n\t<meta property=\"og:image:height\" content=\"200\" \/>\n\t<meta property=\"og:image:type\" content=\"image\/jpeg\" \/>\n<meta name=\"twitter:label1\" content=\"Est. reading time\" \/>\n\t<meta name=\"twitter:data1\" content=\"3 minutes\" \/>\n<script type=\"application\/ld+json\" class=\"yoast-schema-graph\">{\"@context\":\"https:\/\/schema.org\",\"@graph\":[{\"@type\":\"WebPage\",\"@id\":\"https:\/\/hansgroening.de\/en\/discover-hans-groning-a-baritone-with-an-impressive-career-and-diverse-repertoire\/\",\"url\":\"https:\/\/hansgroening.de\/en\/discover-hans-groning-a-baritone-with-an-impressive-career-and-diverse-repertoire\/\",\"name\":\"Biography - Hans Gr\u00f6ning - baritone\",\"isPartOf\":{\"@id\":\"https:\/\/hansgroening.de\/en\/#website\"},\"primaryImageOfPage\":{\"@id\":\"https:\/\/hansgroening.de\/en\/discover-hans-groning-a-baritone-with-an-impressive-career-and-diverse-repertoire\/#primaryimage\"},\"image\":{\"@id\":\"https:\/\/hansgroening.de\/en\/discover-hans-groning-a-baritone-with-an-impressive-career-and-diverse-repertoire\/#primaryimage\"},\"thumbnailUrl\":\"https:\/\/hansgroening.de\/en\/wp-content\/uploads\/sites\/2\/2024\/01\/fotoleiste_3.jpg\",\"datePublished\":\"2014-06-25T11:47:53+00:00\",\"dateModified\":\"2025-09-09T15:02:27+00:00\",\"description\":\"The German baritone Hans Gr\u00f6ning received his vocal training from Kamms\u00e4ngerin Gisela Schr\u00f6ter and works regularly with Gregory Lamar. He gave his debut as winner of the Rheinsberg Palace Chamber Opera International Singing Competition. Since 2004, he has worked extensively as freelance singer in Germany and abroad.\",\"inLanguage\":\"en-US\",\"potentialAction\":[{\"@type\":\"ReadAction\",\"target\":[\"https:\/\/hansgroening.de\/en\/discover-hans-groning-a-baritone-with-an-impressive-career-and-diverse-repertoire\/\"]}]},{\"@type\":\"ImageObject\",\"inLanguage\":\"en-US\",\"@id\":\"https:\/\/hansgroening.de\/en\/discover-hans-groning-a-baritone-with-an-impressive-career-and-diverse-repertoire\/#primaryimage\",\"url\":\"https:\/\/hansgroening.de\/en\/wp-content\/uploads\/sites\/2\/2024\/01\/fotoleiste_3.jpg\",\"contentUrl\":\"https:\/\/hansgroening.de\/en\/wp-content\/uploads\/sites\/2\/2024\/01\/fotoleiste_3.jpg\",\"width\":1920,\"height\":200},{\"@type\":\"WebSite\",\"@id\":\"https:\/\/hansgroening.de\/en\/#website\",\"url\":\"https:\/\/hansgroening.de\/en\/\",\"name\":\"Hans Gr\u00f6ning - baritone\",\"description\":\"Hans Gr\u00f6ning Website, a german baritone from Berlin\",\"potentialAction\":[{\"@type\":\"SearchAction\",\"target\":{\"@type\":\"EntryPoint\",\"urlTemplate\":\"https:\/\/hansgroening.de\/en\/?s={search_term_string}\"},\"query-input\":{\"@type\":\"PropertyValueSpecification\",\"valueRequired\":true,\"valueName\":\"search_term_string\"}}],\"inLanguage\":\"en-US\"}]}<\/script>\n<!-- \/ Yoast SEO plugin. -->","yoast_head_json":{"title":"Biography - Hans Gr\u00f6ning - baritone","description":"The German baritone Hans Gr\u00f6ning received his vocal training from Kamms\u00e4ngerin Gisela Schr\u00f6ter and works regularly with Gregory Lamar. He gave his debut as winner of the Rheinsberg Palace Chamber Opera International Singing Competition. Since 2004, he has worked extensively as freelance singer in Germany and abroad.","robots":{"index":"index","follow":"follow","max-snippet":"max-snippet:-1","max-image-preview":"max-image-preview:large","max-video-preview":"max-video-preview:-1"},"canonical":"https:\/\/hansgroening.de\/en\/discover-hans-groning-a-baritone-with-an-impressive-career-and-diverse-repertoire\/","og_locale":"en_US","og_type":"article","og_title":"Biography - Hans Gr\u00f6ning - baritone","og_description":"The German baritone Hans Gr\u00f6ning received his vocal training from Kamms\u00e4ngerin Gisela Schr\u00f6ter and works regularly with Gregory Lamar. He gave his debut as winner of the Rheinsberg Palace Chamber Opera International Singing Competition. Since 2004, he has worked extensively as freelance singer in Germany and abroad.","og_url":"https:\/\/hansgroening.de\/en\/discover-hans-groning-a-baritone-with-an-impressive-career-and-diverse-repertoire\/","og_site_name":"Hans Gr\u00f6ning - baritone","article_modified_time":"2025-09-09T15:02:27+00:00","og_image":[{"width":1920,"height":200,"url":"https:\/\/hansgroening.de\/en\/wp-content\/uploads\/sites\/2\/2024\/01\/fotoleiste_3.jpg","type":"image\/jpeg"}],"twitter_misc":{"Est. reading time":"3 minutes"},"schema":{"@context":"https:\/\/schema.org","@graph":[{"@type":"WebPage","@id":"https:\/\/hansgroening.de\/en\/discover-hans-groning-a-baritone-with-an-impressive-career-and-diverse-repertoire\/","url":"https:\/\/hansgroening.de\/en\/discover-hans-groning-a-baritone-with-an-impressive-career-and-diverse-repertoire\/","name":"Biography - Hans Gr\u00f6ning - baritone","isPartOf":{"@id":"https:\/\/hansgroening.de\/en\/#website"},"primaryImageOfPage":{"@id":"https:\/\/hansgroening.de\/en\/discover-hans-groning-a-baritone-with-an-impressive-career-and-diverse-repertoire\/#primaryimage"},"image":{"@id":"https:\/\/hansgroening.de\/en\/discover-hans-groning-a-baritone-with-an-impressive-career-and-diverse-repertoire\/#primaryimage"},"thumbnailUrl":"https:\/\/hansgroening.de\/en\/wp-content\/uploads\/sites\/2\/2024\/01\/fotoleiste_3.jpg","datePublished":"2014-06-25T11:47:53+00:00","dateModified":"2025-09-09T15:02:27+00:00","description":"The German baritone Hans Gr\u00f6ning received his vocal training from Kamms\u00e4ngerin Gisela Schr\u00f6ter and works regularly with Gregory Lamar. He gave his debut as winner of the Rheinsberg Palace Chamber Opera International Singing Competition. Since 2004, he has worked extensively as freelance singer in Germany and abroad.","inLanguage":"en-US","potentialAction":[{"@type":"ReadAction","target":["https:\/\/hansgroening.de\/en\/discover-hans-groning-a-baritone-with-an-impressive-career-and-diverse-repertoire\/"]}]},{"@type":"ImageObject","inLanguage":"en-US","@id":"https:\/\/hansgroening.de\/en\/discover-hans-groning-a-baritone-with-an-impressive-career-and-diverse-repertoire\/#primaryimage","url":"https:\/\/hansgroening.de\/en\/wp-content\/uploads\/sites\/2\/2024\/01\/fotoleiste_3.jpg","contentUrl":"https:\/\/hansgroening.de\/en\/wp-content\/uploads\/sites\/2\/2024\/01\/fotoleiste_3.jpg","width":1920,"height":200},{"@type":"WebSite","@id":"https:\/\/hansgroening.de\/en\/#website","url":"https:\/\/hansgroening.de\/en\/","name":"Hans Gr\u00f6ning - baritone","description":"Hans Gr\u00f6ning Website, a german baritone from Berlin","potentialAction":[{"@type":"SearchAction","target":{"@type":"EntryPoint","urlTemplate":"https:\/\/hansgroening.de\/en\/?s={search_term_string}"},"query-input":{"@type":"PropertyValueSpecification","valueRequired":true,"valueName":"search_term_string"}}],"inLanguage":"en-US"}]}},"_links":{"self":[{"href":"https:\/\/hansgroening.de\/en\/wp-json\/wp\/v2\/pages\/13","targetHints":{"allow":["GET"]}}],"collection":[{"href":"https:\/\/hansgroening.de\/en\/wp-json\/wp\/v2\/pages"}],"about":[{"href":"https:\/\/hansgroening.de\/en\/wp-json\/wp\/v2\/types\/page"}],"author":[{"embeddable":true,"href":"https:\/\/hansgroening.de\/en\/wp-json\/wp\/v2\/users\/1"}],"replies":[{"embeddable":true,"href":"https:\/\/hansgroening.de\/en\/wp-json\/wp\/v2\/comments?post=13"}],"version-history":[{"count":49,"href":"https:\/\/hansgroening.de\/en\/wp-json\/wp\/v2\/pages\/13\/revisions"}],"predecessor-version":[{"id":442,"href":"https:\/\/hansgroening.de\/en\/wp-json\/wp\/v2\/pages\/13\/revisions\/442"}],"wp:featuredmedia":[{"embeddable":true,"href":"https:\/\/hansgroening.de\/en\/wp-json\/wp\/v2\/media\/395"}],"wp:attachment":[{"href":"https:\/\/hansgroening.de\/en\/wp-json\/wp\/v2\/media?parent=13"}],"curies":[{"name":"wp","href":"https:\/\/api.w.org\/{rel}","templated":true}]}}